{"id":13,"date":"2021-08-02T07:39:44","date_gmt":"2021-08-02T07:39:44","guid":{"rendered":"https:\/\/tidsroever.aau.dk\/?page_id=13"},"modified":"2021-08-25T09:15:47","modified_gmt":"2021-08-25T09:15:47","slug":"elementor-13","status":"publish","type":"page","link":"https:\/\/tidsroever.aau.dk\/","title":{"rendered":"Front page"},"content":{"rendered":"\t\t<div data-elementor-type=\"wp-page\" data-elementor-id=\"13\" class=\"elementor elementor-13\">\n\t\t\t\t\t\t<section class=\"elementor-section elementor-top-section elementor-element elementor-element-dda86a9 elementor-section-boxed elementor-section-height-default elementor-section-height-default\" data-id=\"dda86a9\" data-element_type=\"section\">\n\t\t\t\t\t\t<div class=\"elementor-container elementor-column-gap-default\">\n\t\t\t\t\t<div class=\"elementor-column elementor-col-100 elementor-top-column elementor-element elementor-element-247b9dd\" data-id=\"247b9dd\" data-element_type=\"column\">\n\t\t\t<div class=\"elementor-widget-wrap elementor-element-populated\">\n\t\t\t\t\t\t<div class=\"elementor-element elementor-element-bde595f elementor-widget elementor-widget-image\" data-id=\"bde595f\" data-element_type=\"widget\" data-widget_type=\"image.default\">\n\t\t\t\t<div class=\"elementor-widget-container\">\n\t\t\t\t\t\t\t\t\t\t\t\t\t\t\t<img decoding=\"async\" width=\"75\" height=\"80\" src=\"https:\/\/tidsroever.aau.dk\/wp-content\/uploads\/2021\/08\/output-onlinepngtools-2.png\" class=\"attachment-medium size-medium wp-image-81\" alt=\"\" style=\"width:100%;height:106.67%;max-width:75px\" \/>\t\t\t\t\t\t\t\t\t\t\t\t\t\t\t<\/div>\n\t\t\t\t<\/div>\n\t\t\t\t<div class=\"elementor-element elementor-element-3600e19 elementor-widget elementor-widget-heading\" data-id=\"3600e19\" data-element_type=\"widget\" data-widget_type=\"heading.default\">\n\t\t\t\t<div class=\"elementor-widget-container\">\n\t\t\t\t\t<h2 class=\"elementor-heading-title elementor-size-default\">Tidsr\u00f8ver<\/h2>\t\t\t\t<\/div>\n\t\t\t\t<\/div>\n\t\t\t\t\t<\/div>\n\t\t<\/div>\n\t\t\t\t\t<\/div>\n\t\t<\/section>\n\t\t\t\t<section class=\"elementor-section elementor-top-section elementor-element elementor-element-031bdc6 elementor-section-boxed elementor-section-height-default elementor-section-height-default\" data-id=\"031bdc6\" data-element_type=\"section\">\n\t\t\t\t\t\t<div class=\"elementor-container elementor-column-gap-default\">\n\t\t\t\t\t<div class=\"elementor-column elementor-col-100 elementor-top-column elementor-element elementor-element-8c5f3dc\" data-id=\"8c5f3dc\" data-element_type=\"column\">\n\t\t\t<div class=\"elementor-widget-wrap elementor-element-populated\">\n\t\t\t\t\t\t<div class=\"elementor-element elementor-element-d624d2b elementor-widget elementor-widget-shortcode\" data-id=\"d624d2b\" data-element_type=\"widget\" data-widget_type=\"shortcode.default\">\n\t\t\t\t<div class=\"elementor-widget-container\">\n\t\t\t\t\t\t\t<div class=\"elementor-shortcode\"><div class=\"frm_forms  with_frm_style frm_style_tidsroever_style\" id=\"frm_form_2_container\" >\n<form enctype=\"multipart\/form-data\" method=\"post\" class=\"frm-show-form  frm_pro_form \" id=\"form_tidsroeversurvey\" >\n<div class=\"frm_form_fields  frm_page_num_1\">\n<fieldset>\n<legend class=\"frm_screen_reader\">Tidsroever survey<\/legend>\r\n\r\n<div class=\"frm_fields_container\">\n<input type=\"hidden\" name=\"frm_action\" value=\"create\" \/>\n<input type=\"hidden\" name=\"form_id\" value=\"2\" \/>\n<input type=\"hidden\" name=\"frm_hide_fields_2\" id=\"frm_hide_fields_2\" value=\"\" \/>\n<input type=\"hidden\" name=\"form_key\" value=\"tidsroeversurvey\" \/>\n<input type=\"hidden\" name=\"item_meta[0]\" value=\"\" \/>\n<input type=\"hidden\" id=\"frm_submit_entry_2\" name=\"frm_submit_entry_2\" value=\"484a75c10e\" \/><input type=\"hidden\" name=\"_wp_http_referer\" value=\"\/index.php?rest_route=%2Fwp%2Fv2%2Fpages%2F13\" \/><input type=\"hidden\" name=\"item_meta[38]\" id=\"field_o1waj\" value=\"\"     \/>\n<div id=\"frm_field_25_container\" class=\"frm_form_field  frm_html_container form-field\">\n<p style=\"font-size:24px\">Hej med dig!<\/p>\n<p>&nbsp;<\/p>\n<\/p>\n<p style=\"font-size:20px\">M\u00e5 vi stj\u00e6le et \u00f8jeblik af din tid?<\/p>\n<p>&nbsp;<\/p>\n<\/p>\n<p style=\"font-size:20px; color:white\"><b>Vi vil gerne vide, hvordan du har oplevet tiden under Covid-19 nedlukningerne?<\/b><\/p>\n<p style=\"font-size:20px; color:white\">M\u00e5ske har du brugt tiden p\u00e5 andre m\u00e5der end du plejer, at hverdagen forandrede sig eller oplevet, at tiden helt forsvandt?<\/p>\n<p>&nbsp;<\/p>\n<\/p>\n<p style=\"font-size:20px\">Beskriv din oplevelse for os! Det tager kun 5-10 minutter af din tid - til geng\u00e6ld hj\u00e6lper du med at give forskningen et indblik i nedlukningernes konsekvenser og muligheden for at bevare et tidsbillede af den almindelig hverdag i en helt ualmindelig situation.<\/p>\n<p>&nbsp;<\/p>\n<\/p>\n<p style=\"font-size:20px\">Projekt Tidsr\u00f8ver er en del af et forskningsprojekt ved Aalborg Universitet, der i samarbejde med Aalborg Stadsarkiv indsamler din og andres fort\u00e6llinger om tidens rytmer, rutiner og forandringer i hverdagen under Covid-19.<\/p>\n<p>&nbsp;<\/p>\n<\/p>\n<p style=\"font-size:20px\">Hvis du vil l\u00e6se mere om projektet, kan du downloade en projektbeskrivelse <a href=\"https:\/\/tidsroever.aau.dk\/wp-content\/uploads\/2021\/08\/Projektbeskrivelse.pdf\" style=\"color:white\" target=\"_blank\">HER<\/a>.<\/p>\n<p>&nbsp;<\/p>\n<\/p>\n<p style=\"font-size:20px\">P\u00e5 n\u00e6ste side kan du dele din oplevelse med os som tekst, lyd og billede.<\/p>\n<p>&nbsp;<\/p>\n<\/p>\n<p style=\"font-size:20px\">Mange tak for hj\u00e6lpen,<\/p>\n<p>&nbsp;<\/p>\n<\/p>\n<p style=\"font-size:20px\">Katrine Buus, ph.d. stipendiat, Institut for Sociologi & Socialt Arbejde, Aalborg Universitet<br \/>\nRolf Lyneborg Lund, adjunkt, Institut for Sociologi & Socialt Arbejde, Aalborg Universitet<br \/>\nBente Jensen, arkivar, Aalborg Stadsarkiv<\/p>\n<\/div>\n<input type=\"hidden\" name=\"frm_page_order_2\" id=\"frm_page_order_2\" value=\"3\" \/><input type=\"hidden\" name=\"item_meta[7]\" id=\"field_wn8xn\" value=\"\"     \/>\n<input type=\"hidden\" name=\"item_meta[9]\" id=\"field_qtlp4\" value=\"\"     \/>\n<input type=\"hidden\" name=\"item_meta[11]\" id=\"field_q0t3l\" value=\"\"     \/>\n<input type=\"hidden\" name=\"item_meta[8]\" id=\"field_6431t\" value=\"\"     \/>\n<input type=\"hidden\" name=\"item_meta[10]\" id=\"field_352y7\" value=\"\"     \/>\n<input type=\"hidden\" name=\"item_meta[37]\" id=\"field_rj6yo-0\" value=\"\"     \/>\n<input type=\"hidden\" name=\"item_meta[15]\" id=\"field_7w4nk-0\" value=\"\"     \/>\n<input type=\"hidden\" name=\"item_meta[35]\" id=\"field_iievr\" value=\"\"     \/>\n\t<input type=\"hidden\" name=\"item_key\" value=\"\" \/>\n\t\t\t<div id=\"frm_field_39_container\">\n\t\t\t<label for=\"field_mu2m5\" >\n\t\t\t\tIf you are human, leave this field blank.\t\t\t<\/label>\n\t\t\t<input  id=\"field_mu2m5\" type=\"text\" class=\"frm_form_field form-field frm_verify\" name=\"item_meta[39]\" value=\"\"  \/>\n\t\t<\/div>\n\t\t<input name=\"frm_state\" type=\"hidden\" value=\"oihTCWUxLBDL8uWWDEqlguXk00IrftAVy2GiUYw\/mX4=\" \/><div class=\"frm_submit\">\r\n\r\n<button class=\"frm_button_submit has-text-color has-background\" type=\"submit\"  >Begynd fort\u00e6lling!<\/button>\r\n\r\n<\/div><\/div>\n<\/fieldset>\n<\/div>\n\n<\/form>\n<\/div>\n<\/div>\n\t\t\t\t\t\t<\/div>\n\t\t\t\t<\/div>\n\t\t\t\t\t<\/div>\n\t\t<\/div>\n\t\t\t\t\t<\/div>\n\t\t<\/section>\n\t\t\t\t<section class=\"elementor-section elementor-top-section elementor-element elementor-element-8dab816 elementor-section-boxed elementor-section-height-default elementor-section-height-default\" data-id=\"8dab816\" data-element_type=\"section\">\n\t\t\t\t\t\t<div class=\"elementor-container elementor-column-gap-default\">\n\t\t\t\t\t<div class=\"elementor-column elementor-col-100 elementor-top-column elementor-element elementor-element-937f75d\" data-id=\"937f75d\" data-element_type=\"column\">\n\t\t\t<div class=\"elementor-widget-wrap elementor-element-populated\">\n\t\t\t\t\t\t<div class=\"elementor-element elementor-element-0d069e2 elementor-widget elementor-widget-text-editor\" data-id=\"0d069e2\" data-element_type=\"widget\" data-widget_type=\"text-editor.default\">\n\t\t\t\t<div class=\"elementor-widget-container\">\n\t\t\t\t\t\t\t\t\t<p style=\"font-size:13px; color:white;\"> Institut for Sociologi og Socialt Arbejde\u00a0\u2022\u00a0Fibigerstr\u00e6de 13\u00a0\u2022\u00a09220\u00a0 Aalborg \u00d8st\u00a0\u2022\u00a0Telefon: +45 9940 2825\u00a0\u2022 Mail:\u00a0\u00a0<a href=\"mailto:inst.issa.kom@socsci.aau.dk\" style=\"color: white\">inst.issa.kom@socsci.aau.dk<\/a><\/p>\t\t\t\t\t\t\t\t<\/div>\n\t\t\t\t<\/div>\n\t\t\t\t\t<\/div>\n\t\t<\/div>\n\t\t\t\t\t<\/div>\n\t\t<\/section>\n\t\t\t\t<\/div>\n\t\t","protected":false},"excerpt":{"rendered":"<p>Tidsr\u00f8ver Institut for Sociologi og Socialt Arbejde\u00a0\u2022\u00a0Fibigerstr\u00e6de 13\u00a0\u2022\u00a09220\u00a0 Aalborg \u00d8st\u00a0\u2022\u00a0Telefon: +45 9940 2825\u00a0\u2022 Mail:\u00a0\u00a0inst.issa.kom@socsci.aau.dk<\/p>\n","protected":false},"author":1,"featured_media":0,"parent":0,"menu_order":0,"comment_status":"closed","ping_status":"closed","template":"elementor_canvas","meta":{"footnotes":""},"class_list":["post-13","page","type-page","status-publish","hentry","entry"],"_links":{"self":[{"href":"https:\/\/tidsroever.aau.dk\/index.php?rest_route=\/wp\/v2\/pages\/13","targetHints":{"allow":["GET"]}}],"collection":[{"href":"https:\/\/tidsroever.aau.dk\/index.php?rest_route=\/wp\/v2\/pages"}],"about":[{"href":"https:\/\/tidsroever.aau.dk\/index.php?rest_route=\/wp\/v2\/types\/page"}],"author":[{"embeddable":true,"href":"https:\/\/tidsroever.aau.dk\/index.php?rest_route=\/wp\/v2\/users\/1"}],"replies":[{"embeddable":true,"href":"https:\/\/tidsroever.aau.dk\/index.php?rest_route=%2Fwp%2Fv2%2Fcomments&post=13"}],"version-history":[{"count":39,"href":"https:\/\/tidsroever.aau.dk\/index.php?rest_route=\/wp\/v2\/pages\/13\/revisions"}],"predecessor-version":[{"id":108,"href":"https:\/\/tidsroever.aau.dk\/index.php?rest_route=\/wp\/v2\/pages\/13\/revisions\/108"}],"wp:attachment":[{"href":"https:\/\/tidsroever.aau.dk\/index.php?rest_route=%2Fwp%2Fv2%2Fmedia&parent=13"}],"curies":[{"name":"wp","href":"https:\/\/api.w.org\/{rel}","templated":true}]}}